{"id":2,"date":"2025-04-20T07:52:27","date_gmt":"2025-04-20T07:52:27","guid":{"rendered":"https:\/\/arv.uzdra.lt\/?page_id=2"},"modified":"2025-04-23T09:09:40","modified_gmt":"2025-04-23T09:09:40","slug":"sample-page","status":"publish","type":"page","link":"https:\/\/arv.uzdra.lt\/?page_id=2","title":{"rendered":"Apie bendruomen\u0119"},"content":{"rendered":"\n<p>Arvyd\u0173 kaimo bendruomen\u0117 \u012fsisteig\u0117 suburti Arvyd\u0173 kaimo gyventojus, praskaidrinti j\u0173 kasdienyb\u0119, pritraukti jaunim\u0105, ma\u017eus vaikus, jaunas \u0161eimas atvykti praleisti laisvalaik\u012f Arvyd\u0173 kaime, ar net apsigyventi didinant populiacijos lyg\u012f. Taigi bendruomen\u0117 vykdo savo misij\u0105 ir dalyvauja rengiant \u012fvairius projektus \u017emoni\u0173 labui.<\/p>\n","protected":false},"excerpt":{"rendered":"<p>Arvyd\u0173 kaimo bendruomen\u0117 \u012fsisteig\u0117 suburti Arvyd\u0173 kaimo gyventojus, praskaidrinti j\u0173 kasdienyb\u0119, pritraukti jaunim\u0105, ma\u017eus vaikus, jaunas \u0161eimas atvykti praleisti laisvalaik\u012f Arvyd\u0173 kaime, ar net apsigyventi didinant populiacijos lyg\u012f. [&hellip;]<\/p>\n","protected":false},"author":1,"featured_media":0,"parent":0,"menu_order":0,"comment_status":"closed","ping_status":"open","template":"","meta":{"footnotes":""},"class_list":["post-2","page","type-page","status-publish","hentry"],"_links":{"self":[{"href":"https:\/\/arv.uzdra.lt\/index.php?rest_route=\/wp\/v2\/pages\/2","targetHints":{"allow":["GET"]}}],"collection":[{"href":"https:\/\/arv.uzdra.lt\/index.php?rest_route=\/wp\/v2\/pages"}],"about":[{"href":"https:\/\/arv.uzdra.lt\/index.php?rest_route=\/wp\/v2\/types\/page"}],"author":[{"embeddable":true,"href":"https:\/\/arv.uzdra.lt\/index.php?rest_route=\/wp\/v2\/users\/1"}],"replies":[{"embeddable":true,"href":"https:\/\/arv.uzdra.lt\/index.php?rest_route=%2Fwp%2Fv2%2Fcomments&post=2"}],"version-history":[{"count":3,"href":"https:\/\/arv.uzdra.lt\/index.php?rest_route=\/wp\/v2\/pages\/2\/revisions"}],"predecessor-version":[{"id":91,"href":"https:\/\/arv.uzdra.lt\/index.php?rest_route=\/wp\/v2\/pages\/2\/revisions\/91"}],"wp:attachment":[{"href":"https:\/\/arv.uzdra.lt\/index.php?rest_route=%2Fwp%2Fv2%2Fmedia&parent=2"}],"curies":[{"name":"wp","href":"https:\/\/api.w.org\/{rel}","templated":true}]}}